{"id":3,"date":"2023-08-31T00:04:06","date_gmt":"2023-08-30T22:04:06","guid":{"rendered":"https:\/\/theworldcoins.com\/pt\/?page_id=3"},"modified":"2023-11-10T02:00:20","modified_gmt":"2023-11-10T02:00:20","slug":"politica-privacidad","status":"publish","type":"page","link":"https:\/\/theworldcoins.com\/pt\/politica-privacidad\/","title":{"rendered":"Pol\u00edtica de privacidad"},"content":{"rendered":"[vc_row type=&#8221;in_container&#8221; full_screen_row_position=&#8221;middle&#8221; column_margin=&#8221;default&#8221; column_direction=&#8221;default&#8221; column_direction_tablet=&#8221;default&#8221; column_direction_phone=&#8221;default&#8221; scene_position=&#8221;center&#8221; text_color=&#8221;dark&#8221; text_align=&#8221;left&#8221; row_border_radius=&#8221;none&#8221; row_border_radius_applies=&#8221;bg&#8221; overflow=&#8221;visible&#8221; overlay_strength=&#8221;0.3&#8243; gradient_direction=&#8221;left_to_right&#8221; shape_divider_position=&#8221;bottom&#8221; bg_image_animation=&#8221;none&#8221;][vc_column column_padding=&#8221;no-extra-padding&#8221; column_padding_tablet=&#8221;inherit&#8221; column_padding_phone=&#8221;inherit&#8221; column_padding_position=&#8221;all&#8221; column_element_direction_desktop=&#8221;default&#8221; column_element_spacing=&#8221;default&#8221; desktop_text_alignment=&#8221;default&#8221; tablet_text_alignment=&#8221;default&#8221; phone_text_alignment=&#8221;default&#8221; background_color_opacity=&#8221;1&#8243; background_hover_color_opacity=&#8221;1&#8243; column_backdrop_filter=&#8221;none&#8221; column_shadow=&#8221;none&#8221; column_border_radius=&#8221;none&#8221; column_link_target=&#8221;_self&#8221; column_position=&#8221;default&#8221; gradient_direction=&#8221;left_to_right&#8221; overlay_strength=&#8221;0.3&#8243; width=&#8221;1\/1&#8243; tablet_width_inherit=&#8221;default&#8221; animation_type=&#8221;default&#8221; bg_image_animation=&#8221;none&#8221; border_type=&#8221;simple&#8221; column_border_width=&#8221;none&#8221; column_border_style=&#8221;solid&#8221;][vc_column_text]\n<h2>PROTE\u00c7\u00c3O DE DADOS<\/h2>\n<p>De acordo com o que \u00e9 estabelecido no Artigo 5 da Ley Org\u00e1nica espanhola 15\/1999 (dezembro) de Prote\u00e7\u00e3o de Dados de Car\u00e1ter Pessoal, que regula o direito de informa\u00e7\u00e3o da recolha de dados, informamos-lhe das seguintes quest\u00f5es:<\/p>\n<ul>\n<li>Os dados de car\u00e1ter pessoal que nos proporcionou nesta e noutras comunica\u00e7\u00f5es que mantivemos consigo ser\u00e3o objeto de tratamento nos ficheiros que s\u00e3o responsabilidade da Innovant Publishing SLU.<\/li>\n<li>A finalidade do mencionado tratamento \u00e9 gerir de maneira adequada a presta\u00e7\u00e3o do servi\u00e7o que nos solicitou. Esses dados n\u00e3o ser\u00e3o cedidos a terceiros, \u00e0 exce\u00e7\u00e3o das cess\u00f5es legalmente permitidas.<\/li>\n<li>Os dados solicitados atrav\u00e9s desta e de outras comunica\u00e7\u00f5es s\u00e3o obrigat\u00f3rios para a presta\u00e7\u00e3o do servi\u00e7o requerido e s\u00e3o adequados, pertinentes e n\u00e3o excessivos.<\/li>\n<li>Caso rejeite proporcionar os dados solicitados n\u00e3o se poder\u00e1 efetuar a presta\u00e7\u00e3o do servi\u00e7o.<\/li>\n<li>Informamos-lhe tamb\u00e9m da possibilidade de exercer os correspondentes direitos de acesso, retifica\u00e7\u00e3o, cancelamento e oposi\u00e7\u00e3o de acordo com o que foi estabelecido pela lei espanhola 15\/1999 perante a Asesor\u00eda Integral JAF &amp; MCF, os respons\u00e1veis do ficheiro. Caso o deseje, pode exercer os mencionados direitos atrav\u00e9s dos seguintes meios: info@innova-nt.com, Innovant Publishing slu, Avda. De les Corts Catalanes 5-7, 08173 Sant Cugat del Vall\u00e8s, Espanha. Telef. 00 34 935 040 965.<\/li>\n<\/ul>\n<p>&nbsp;<\/p>\n<h2>CONFIDENCIALIDADE<\/h2>\n<p>A informa\u00e7\u00e3o que possa conter esta mensagem, assim como o(s) seu(s) ficheiro(s) \u00e9 totalmente confidencial e vai \u00fanica e exclusivamente dirigida ao seu destinat\u00e1rio. Se ler esta mensagem e n\u00e3o for o destinat\u00e1rio da mesma, ou a pessoa respons\u00e1vel pela entrega da mensagem ao destinat\u00e1rio, ou se recebeu esta mensagem por erro, recordamos-lhe que \u00e9 proibida, e que pode ser ilegal, qualquer divulga\u00e7\u00e3o, distribui\u00e7\u00e3o ou reprodu\u00e7\u00e3o desta comunica\u00e7\u00e3o. Pedimos-lhe que nos notifique imediatamente e que nos devolva a mensagem original \u00e0 dire\u00e7\u00e3o mencionada acima. Muito obrigado.<\/p>\n<p>V\u00edrus: foram tomadas as medidas pertinentes para garantir que esta mensagem e os ficheiros anexos estejam isentos de v\u00edrus. N\u00e3o obstante, recomendamos encarecidamente que o recetor da mesma utilize igualmente os meios necess\u00e1rios para se certificar da inexist\u00eancia de v\u00edrus e\/ou de algum c\u00f3digo malicioso.[\/vc_column_text][\/vc_column][\/vc_row]\n","protected":false},"excerpt":{"rendered":"<p>[vc_row type=&#8221;in_container&#8221; full_screen_row_position=&#8221;middle&#8221; column_margin=&#8221;default&#8221; column_direction=&#8221;default&#8221; column_direction_tablet=&#8221;default&#8221; column_direction_phone=&#8221;default&#8221; scene_position=&#8221;center&#8221; text_color=&#8221;dark&#8221; text_align=&#8221;left&#8221; row_border_radius=&#8221;none&#8221; row_border_radius_applies=&#8221;bg&#8221; overflow=&#8221;visible&#8221; overlay_strength=&#8221;0.3&#8243; gradient_direction=&#8221;left_to_right&#8221; shape_divider_position=&#8221;bottom&#8221; bg_image_animation=&#8221;none&#8221;][vc_column column_padding=&#8221;no-extra-padding&#8221; column_padding_tablet=&#8221;inherit&#8221; column_padding_phone=&#8221;inherit&#8221; column_padding_position=&#8221;all&#8221; column_element_direction_desktop=&#8221;default&#8221; column_element_spacing=&#8221;default&#8221; desktop_text_alignment=&#8221;default&#8221; tablet_text_alignment=&#8221;default&#8221; phone_text_alignment=&#8221;default&#8221; background_color_opacity=&#8221;1&#8243; background_hover_color_opacity=&#8221;1&#8243; column_backdrop_filter=&#8221;none&#8221; column_shadow=&#8221;none&#8221;&#8230;<\/p>\n","protected":false},"author":1,"featured_media":0,"parent":0,"menu_order":0,"comment_status":"closed","ping_status":"closed","template":"","meta":{"footnotes":""},"class_list":["post-3","page","type-page","status-publish"],"_links":{"self":[{"href":"https:\/\/theworldcoins.com\/pt\/wp-json\/wp\/v2\/pages\/3","targetHints":{"allow":["GET"]}}],"collection":[{"href":"https:\/\/theworldcoins.com\/pt\/wp-json\/wp\/v2\/pages"}],"about":[{"href":"https:\/\/theworldcoins.com\/pt\/wp-json\/wp\/v2\/types\/page"}],"author":[{"embeddable":true,"href":"https:\/\/theworldcoins.com\/pt\/wp-json\/wp\/v2\/users\/1"}],"replies":[{"embeddable":true,"href":"https:\/\/theworldcoins.com\/pt\/wp-json\/wp\/v2\/comments?post=3"}],"version-history":[{"count":3,"href":"https:\/\/theworldcoins.com\/pt\/wp-json\/wp\/v2\/pages\/3\/revisions"}],"predecessor-version":[{"id":6308,"href":"https:\/\/theworldcoins.com\/pt\/wp-json\/wp\/v2\/pages\/3\/revisions\/6308"}],"wp:attachment":[{"href":"https:\/\/theworldcoins.com\/pt\/wp-json\/wp\/v2\/media?parent=3"}],"curies":[{"name":"wp","href":"https:\/\/api.w.org\/{rel}","templated":true}]}}